{"id":10,"date":"2025-03-12T08:53:19","date_gmt":"2025-03-12T07:53:19","guid":{"rendered":"https:\/\/band.pl\/wordpress\/?page_id=10"},"modified":"2025-03-12T14:58:05","modified_gmt":"2025-03-12T13:58:05","slug":"strona-glowna","status":"publish","type":"page","link":"https:\/\/band.pl\/wordpress\/","title":{"rendered":"Strona g\u0142\u00f3wna"},"content":{"rendered":"\n<p><strong>Witamy na stronie pe\u0142nej wspomnie\u0144 z Festiwalu Woodstock!<\/strong> <\/p>\n\n\n\n<p>Zapraszamy do \u015bwiata niezapomnianych chwil, niesamowitej muzyki i niepowtarzalnej atmosfery, jak\u0105 tworz\u0105 ludzie na jednym z najbardziej kultowych festiwali.<\/p>\n\n\n\n<p>Tutaj znajdziesz galeri\u0119 zdj\u0119\u0107, kt\u00f3re uchwyci\u0142y energi\u0119, rado\u015b\u0107 i magi\u0119 tego wyj\u0105tkowego wydarzenia. Prze\u017cyjmy to jeszcze raz razem!<\/p>\n","protected":false},"excerpt":{"rendered":"<p>Witamy na stronie pe\u0142nej wspomnie\u0144 z Festiwalu Woodstock! Zapraszamy do \u015bwiata niezapomnianych chwil, niesamowitej muzyki i niepowtarzalnej atmosfery, jak\u0105 tworz\u0105 ludzie na jednym z najbardziej kultowych festiwali. Tutaj znajdziesz galeri\u0119 zdj\u0119\u0107, kt\u00f3re uchwyci\u0142y energi\u0119, rado\u015b\u0107 i magi\u0119 tego wyj\u0105tkowego wydarzenia. Prze\u017cyjmy to jeszcze raz razem!<\/p>\n","protected":false},"author":1,"featured_media":41,"parent":0,"menu_order":0,"comment_status":"closed","ping_status":"closed","template":"","meta":{"footnotes":""},"class_list":["post-10","page","type-page","status-publish","has-post-thumbnail","hentry"],"_links":{"self":[{"href":"https:\/\/band.pl\/wordpress\/wp-json\/wp\/v2\/pages\/10","targetHints":{"allow":["GET"]}}],"collection":[{"href":"https:\/\/band.pl\/wordpress\/wp-json\/wp\/v2\/pages"}],"about":[{"href":"https:\/\/band.pl\/wordpress\/wp-json\/wp\/v2\/types\/page"}],"author":[{"embeddable":true,"href":"https:\/\/band.pl\/wordpress\/wp-json\/wp\/v2\/users\/1"}],"replies":[{"embeddable":true,"href":"https:\/\/band.pl\/wordpress\/wp-json\/wp\/v2\/comments?post=10"}],"version-history":[{"count":2,"href":"https:\/\/band.pl\/wordpress\/wp-json\/wp\/v2\/pages\/10\/revisions"}],"predecessor-version":[{"id":47,"href":"https:\/\/band.pl\/wordpress\/wp-json\/wp\/v2\/pages\/10\/revisions\/47"}],"wp:featuredmedia":[{"embeddable":true,"href":"https:\/\/band.pl\/wordpress\/wp-json\/wp\/v2\/media\/41"}],"wp:attachment":[{"href":"https:\/\/band.pl\/wordpress\/wp-json\/wp\/v2\/media?parent=10"}],"curies":[{"name":"wp","href":"https:\/\/api.w.org\/{rel}","templated":true}]}}